{"id":20,"date":"2022-02-03T13:31:47","date_gmt":"2022-02-03T13:31:47","guid":{"rendered":"http:\/\/55c846ce-51ac-552b-8ac5-4184b918dd1e"},"modified":"2024-04-22T16:50:46","modified_gmt":"2024-04-22T16:50:46","slug":"applikacionk","status":"publish","type":"page","link":"https:\/\/tempotaxi.hu\/index.php\/applikacionk\/","title":{"rendered":"Applik\u00e1ci\u00f3nk"},"content":{"rendered":"<h2>Applik\u00e1ci\u00f3nk<br \/>\n<\/h2>\n<h2>\u00c9lj egy \u00faj, izgalmas \u00e9s egyszer\u0171 lehet\u0151s\u00e9ggel!<br \/>\n<\/h2>\n<h2>Nincs t\u00f6bb felesleges v\u00e1rakoz\u00e1s, keresg\u00e9l\u00e9s, bizonytalans\u00e1g!<br \/>\n<\/h2>\n<ul>\n<li>\n\t\t\t\t\t\t\t\t\t\tL\u00e1sd, hol tart a taxid!\n\t\t\t\t\t\t\t\t\t<\/li>\n<li>\n\t\t\t\t\t\t\t\t\t\tTudd, mi a rendsz\u00e1ma!\n\t\t\t\t\t\t\t\t\t<\/li>\n<li>\n\t\t\t\t\t\t\t\t\t\tV\u00e1lassz nagyobbat, v\u00e1lassz t\u00f6bbszem\u00e9lyeset!\n\t\t\t\t\t\t\t\t\t<\/li>\n<li>\n\t\t\t\t\t\t\t\t\t\tK\u00e9rj nem doh\u00e1nyz\u00f3 sof\u0151rt, vagy olyat, aki \u00fatk\u00f6zben csendben marad!\n\t\t\t\t\t\t\t\t\t<\/li>\n<li>\n\t\t\t\t\t\t\t\t\t\tJelezd extra k\u00edv\u00e1ns\u00e1god!\n\t\t\t\t\t\t\t\t\t<\/li>\n<li>\n\t\t\t\t\t\t\t\t\t\tTudd, hogy k\u00f6r\u00fclbel\u00fcl mekkora fuvard\u00edjra sz\u00e1m\u00edts!\n\t\t\t\t\t\t\t\t\t<\/li>\n<\/ul>\n<p>\t\t\t\t\t\t\t\t\t\t\t\t<img decoding=\"async\" width=\"566\" height=\"640\" src=\"https:\/\/tempotaxi.hu\/wp-content\/uploads\/2022\/02\/klipartz.com_.png\" alt=\"\" loading=\"lazy\" srcset=\"https:\/\/tempotaxi.hu\/wp-content\/uploads\/2022\/02\/klipartz.com_.png 566w, https:\/\/tempotaxi.hu\/wp-content\/uploads\/2022\/02\/klipartz.com_-265x300.png 265w\" sizes=\"auto, (max-width: 566px) 100vw, 566px\" \/><br \/>\n\t\t\t\t\t\t\t\t\t\t\t\t<img decoding=\"async\" width=\"4297\" height=\"3609\" src=\"https:\/\/tempotaxi.hu\/wp-content\/uploads\/2022\/02\/app2-ST8ZZE3.png\" alt=\"\" loading=\"lazy\" srcset=\"https:\/\/tempotaxi.hu\/wp-content\/uploads\/2022\/02\/app2-ST8ZZE3.png 4297w, https:\/\/tempotaxi.hu\/wp-content\/uploads\/2022\/02\/app2-ST8ZZE3-300x252.png 300w, https:\/\/tempotaxi.hu\/wp-content\/uploads\/2022\/02\/app2-ST8ZZE3-1024x860.png 1024w, https:\/\/tempotaxi.hu\/wp-content\/uploads\/2022\/02\/app2-ST8ZZE3-768x645.png 768w, https:\/\/tempotaxi.hu\/wp-content\/uploads\/2022\/02\/app2-ST8ZZE3-1536x1290.png 1536w, https:\/\/tempotaxi.hu\/wp-content\/uploads\/2022\/02\/app2-ST8ZZE3-2048x1720.png 2048w\" sizes=\"auto, (max-width: 4297px) 100vw, 4297px\" \/>\t\t\t\t\t\t\t\t\t\t\t\t\t\t<\/p>\n<h2>Let\u00f6lt\u00e9s Temp\u00f3 Taxi Szeged App<\/h2>\n<p>\t\t\t\t\t\t\t\t\t\t\t\t\t<a href=\"https:\/\/apps.apple.com\/hu\/app\/temp%C3%B3-taxi-szeged\/id1610917402?l=hu\" target=\"_blank\" rel=\"noopener\"><br \/>\n\t\t\t\t\t\t\t<img decoding=\"async\" width=\"501\" height=\"168\" src=\"https:\/\/tempotaxi.hu\/wp-content\/uploads\/2022\/03\/app-store22.png\" alt=\"\" loading=\"lazy\" srcset=\"https:\/\/tempotaxi.hu\/wp-content\/uploads\/2022\/03\/app-store22.png 501w, https:\/\/tempotaxi.hu\/wp-content\/uploads\/2022\/03\/app-store22-300x101.png 300w\" sizes=\"auto, (max-width: 501px) 100vw, 501px\" \/>\t\t\t\t\t\t\t\t<\/a><br \/>\n\t\t\t\t\t\t\t\t\t\t\t\t\t<a href=\"https:\/\/play.google.com\/store\/apps\/details?id=com.nerddevelopments.taxidriver.szegedtempotaxi.orderapp\" target=\"_blank\" rel=\"noopener\"><br \/>\n\t\t\t\t\t\t\t<img decoding=\"async\" width=\"584\" height=\"179\" src=\"https:\/\/tempotaxi.hu\/wp-content\/uploads\/2022\/03\/23.png\" alt=\"\" loading=\"lazy\" srcset=\"https:\/\/tempotaxi.hu\/wp-content\/uploads\/2022\/03\/23.png 584w, https:\/\/tempotaxi.hu\/wp-content\/uploads\/2022\/03\/23-300x92.png 300w\" sizes=\"auto, (max-width: 584px) 100vw, 584px\" \/>\t\t\t\t\t\t\t\t<\/a><\/p>\n","protected":false},"excerpt":{"rendered":"<p>Applik\u00e1ci\u00f3nk \u00c9lj egy \u00faj, izgalmas \u00e9s egyszer\u0171 lehet\u0151s\u00e9ggel! Nincs t\u00f6bb felesleges v\u00e1rakoz\u00e1s, keresg\u00e9l\u00e9s, bizonytalans\u00e1g! L\u00e1sd, hol tart a taxid! Tudd, mi a rendsz\u00e1ma! V\u00e1lassz nagyobbat, v\u00e1lassz t\u00f6bbszem\u00e9lyeset! K\u00e9rj nem doh\u00e1nyz\u00f3 sof\u0151rt, vagy olyat, aki \u00fatk\u00f6zben csendben marad! Jelezd extra k\u00edv\u00e1ns\u00e1god! Tudd, hogy k\u00f6r\u00fclbel\u00fcl mekkora fuvard\u00edjra sz\u00e1m\u00edts! Let\u00f6lt\u00e9s Temp\u00f3 Taxi Szeged App<\/p>\n","protected":false},"author":0,"featured_media":0,"parent":0,"menu_order":0,"comment_status":"closed","ping_status":"closed","template":"","meta":{"footnotes":""},"class_list":["post-20","page","type-page","status-publish","hentry","entry"],"_links":{"self":[{"href":"https:\/\/tempotaxi.hu\/index.php\/wp-json\/wp\/v2\/pages\/20","targetHints":{"allow":["GET"]}}],"collection":[{"href":"https:\/\/tempotaxi.hu\/index.php\/wp-json\/wp\/v2\/pages"}],"about":[{"href":"https:\/\/tempotaxi.hu\/index.php\/wp-json\/wp\/v2\/types\/page"}],"replies":[{"embeddable":true,"href":"https:\/\/tempotaxi.hu\/index.php\/wp-json\/wp\/v2\/comments?post=20"}],"version-history":[{"count":18,"href":"https:\/\/tempotaxi.hu\/index.php\/wp-json\/wp\/v2\/pages\/20\/revisions"}],"predecessor-version":[{"id":438,"href":"https:\/\/tempotaxi.hu\/index.php\/wp-json\/wp\/v2\/pages\/20\/revisions\/438"}],"wp:attachment":[{"href":"https:\/\/tempotaxi.hu\/index.php\/wp-json\/wp\/v2\/media?parent=20"}],"curies":[{"name":"wp","href":"https:\/\/api.w.org\/{rel}","templated":true}]}}